{"id":193,"date":"2017-08-16T08:50:13","date_gmt":"2017-08-16T08:50:13","guid":{"rendered":"https:\/\/biodosro.com\/about\/"},"modified":"2022-05-22T15:27:52","modified_gmt":"2022-05-22T15:27:52","slug":"about","status":"publish","type":"page","link":"https:\/\/biodosro.com\/sk\/about\/","title":{"rendered":"O n\u00e1s"},"content":{"rendered":"<div data-elementor-type=\"wp-post\" data-elementor-id=\"193\" class=\"elementor elementor-193\">\n\t\t\t\t\t\t<section class=\"elementor-section elementor-top-section elementor-element elementor-element-fc841c1 elementor-section-boxed elementor-section-height-default elementor-section-height-default\" data-id=\"fc841c1\" data-element_type=\"section\" data-settings=\"{&quot;background_background&quot;:&quot;classic&quot;}\">\n\t\t\t\t\t\t\t<div class=\"elementor-background-overlay\"><\/div>\n\t\t\t\t\t\t\t<div class=\"elementor-container elementor-column-gap-no\">\n\t\t\t\t\t<div class=\"elementor-column elementor-col-100 elementor-top-column elementor-element elementor-element-d9eec21\" data-id=\"d9eec21\" data-element_type=\"column\" data-settings=\"{&quot;background_background&quot;:&quot;classic&quot;}\">\n\t\t\t<div class=\"elementor-widget-wrap elementor-element-populated\">\n\t\t\t\t\t\t<div class=\"elementor-element elementor-element-99e26b7 elementor-widget elementor-widget-heading\" data-id=\"99e26b7\" data-element_type=\"widget\" data-widget_type=\"heading.default\">\n\t\t\t\t<div class=\"elementor-widget-container\">\n\t\t\t\t\t<h6 class=\"elementor-heading-title elementor-size-default\">O N\u00c1S<\/h6>\t\t\t\t<\/div>\n\t\t\t\t<\/div>\n\t\t\t\t<div class=\"elementor-element elementor-element-2dcda6d elementor-widget elementor-widget-heading\" data-id=\"2dcda6d\" data-element_type=\"widget\" data-widget_type=\"heading.default\">\n\t\t\t\t<div class=\"elementor-widget-container\">\n\t\t\t\t\t<h1 class=\"elementor-heading-title elementor-size-default\">V\u00e1\u0161 d\u00f4veryhodn\u00fd predajca \u00e1ut od roku 2019.<\/h1>\t\t\t\t<\/div>\n\t\t\t\t<\/div>\n\t\t\t\t<div class=\"elementor-element elementor-element-f318848 elementor-widget-divider--view-line elementor-widget elementor-widget-divider\" data-id=\"f318848\" data-element_type=\"widget\" data-widget_type=\"divider.default\">\n\t\t\t\t<div class=\"elementor-widget-container\">\n\t\t\t\t\t\t\t<div class=\"elementor-divider\">\n\t\t\t<span class=\"elementor-divider-separator\">\n\t\t\t\t\t\t<\/span>\n\t\t<\/div>\n\t\t\t\t\t\t<\/div>\n\t\t\t\t<\/div>\n\t\t\t\t<div class=\"elementor-element elementor-element-376ae1d elementor-widget elementor-widget-text-editor\" data-id=\"376ae1d\" data-element_type=\"widget\" data-widget_type=\"text-editor.default\">\n\t\t\t\t<div class=\"elementor-widget-container\">\n\t\t\t\t\t\t\t\t\t<p>Na\u0161a spolo\u010dnos\u0165 BIODO s.r.o. bola zalo\u017een\u00e1 v janu\u00e1ri 2019 s cie\u013eom predaja vozidiel z osobn\u00e9ho a\nn\u00e1kladn\u00e9ho programu (\u013eahk\u00e9 n\u00e1kladn\u00e9 aut\u00e1). Na\u0161im z\u00e1kazn\u00edkom garantujeme predov\u0161etk\u00fdm bezpe\u010dn\u00fd\np\u00f4vod vozidiel, preto\u017ee vozidl\u00e1 nakupujeme od ve\u013ek\u00fdch auk\u010dn\u00fdch domov. Na v\u0161etky u n\u00e1s zak\u00fapen\u00e9\nvozidl\u00e1 poskytujeme aj garanciu najazden\u00fdch kilometrov. Pozrite si na\u0161u \u0161irok\u00fa ponuku vozidiel tu.\n\u010eAKUJEME ZA D\u00d4VERU!!!<\/p>\t\t\t\t\t\t\t\t<\/div>\n\t\t\t\t<\/div>\n\t\t\t\t\t<\/div>\n\t\t<\/div>\n\t\t\t\t\t<\/div>\n\t\t<\/section>\n\t\t\t\t<\/div>","protected":false},"excerpt":{"rendered":"<p>ABOUT US Your trusted car dealer, since 2019. Our company BIODO s.r.o. was founded in January 2019 with the aim of selling vehicles from the passenger and freight program (light trucks). We guarantee our customers, above all, the safe origin of vehicles, because we buy vehicles from large auction houses. We also give a mileage &hellip;<\/p>\n<p class=\"read-more\"> <a class=\"\" href=\"https:\/\/biodosro.com\/sk\/about\/\"> <span class=\"screen-reader-text\">O n\u00e1s<\/span> \u010c\u00edtajte viac &raquo;<\/a><\/p>","protected":false},"author":1,"featured_media":0,"parent":0,"menu_order":0,"comment_status":"closed","ping_status":"closed","template":"","meta":{"site-sidebar-layout":"no-sidebar","site-content-layout":"page-builder","ast-global-header-display":"","ast-banner-title-visibility":"","ast-main-header-display":"","ast-hfb-above-header-display":"","ast-hfb-below-header-display":"","ast-hfb-mobile-header-display":"","site-post-title":"disabled","ast-breadcrumbs-content":"","ast-featured-img":"disabled","footer-sml-layout":"","theme-transparent-header-meta":"enabled","adv-header-id-meta":"","stick-header-meta":"","header-above-stick-meta":"","header-main-stick-meta":"","header-below-stick-meta":"","footnotes":""},"class_list":["post-193","page","type-page","status-publish","hentry"],"_links":{"self":[{"href":"https:\/\/biodosro.com\/sk\/wp-json\/wp\/v2\/pages\/193","targetHints":{"allow":["GET"]}}],"collection":[{"href":"https:\/\/biodosro.com\/sk\/wp-json\/wp\/v2\/pages"}],"about":[{"href":"https:\/\/biodosro.com\/sk\/wp-json\/wp\/v2\/types\/page"}],"author":[{"embeddable":true,"href":"https:\/\/biodosro.com\/sk\/wp-json\/wp\/v2\/users\/1"}],"replies":[{"embeddable":true,"href":"https:\/\/biodosro.com\/sk\/wp-json\/wp\/v2\/comments?post=193"}],"version-history":[{"count":10,"href":"https:\/\/biodosro.com\/sk\/wp-json\/wp\/v2\/pages\/193\/revisions"}],"predecessor-version":[{"id":1872,"href":"https:\/\/biodosro.com\/sk\/wp-json\/wp\/v2\/pages\/193\/revisions\/1872"}],"wp:attachment":[{"href":"https:\/\/biodosro.com\/sk\/wp-json\/wp\/v2\/media?parent=193"}],"curies":[{"name":"wp","href":"https:\/\/api.w.org\/{rel}","templated":true}]}}